{"id":60,"date":"2016-06-28T23:22:43","date_gmt":"2016-06-28T20:22:43","guid":{"rendered":"http:\/\/haanja100.ee\/en\/?page_id=60"},"modified":"2022-09-06T23:52:42","modified_gmt":"2022-09-06T20:52:42","slug":"staff","status":"publish","type":"page","link":"https:\/\/haanja100.ee\/en\/staff\/","title":{"rendered":"Staff"},"content":{"rendered":"<h2>Kes: Silver<\/h2>\n<p><strong><img decoding=\"async\" class=\"alignright size-medium wp-image-38\" src=\"http:\/\/haanja100.ee\/wp-content\/uploads\/2016\/06\/silver-300x225.jpg\" alt=\"silver\" width=\"300\" height=\"225\" srcset=\"https:\/\/haanja100.ee\/wp-content\/uploads\/2016\/06\/silver-300x225.jpg 300w, https:\/\/haanja100.ee\/wp-content\/uploads\/2016\/06\/silver-768x576.jpg 768w, https:\/\/haanja100.ee\/wp-content\/uploads\/2016\/06\/silver.jpg 800w\" sizes=\"(max-width: 300px) 100vw, 300px\" \/>Silver \u00fctles<\/strong>:<\/p>\n<p><em>&#8220;Tekkis selline m\u00f5te, et v\u00f5iks korraldada \u00fche karmi mtb s\u00f5idu Haanja kandis. Tegemist oleks oma ala fanaatikutele m\u00f5eldud \u00fcritusega, st. rada oleks nii karm kui seda annab siin v\u00e4hegi teha. Nagu nimestki n\u00e4ha, tuleks raja pikkuseks ~100 km, kindlasti mitte v\u00e4hem, ehk isegi rohkem!&#8221;<\/em> (v\u00e4ljav\u00f5te velo.clubbers foorumi esimesest ametlikust Haanja100-teemalisest postitusest 15.08.2003)<\/p>\n<p><strong>Speciality:<\/strong><\/p>\n<p>spiritual father of H100, usual track closer<\/p>\n<h2>Kes: Holden<\/h2>\n<p><strong><img decoding=\"async\" class=\"alignright size-medium wp-image-39\" src=\"http:\/\/haanja100.ee\/wp-content\/uploads\/2016\/06\/ivar-300x225.jpg\" alt=\"ivar\" width=\"300\" height=\"225\" srcset=\"https:\/\/haanja100.ee\/wp-content\/uploads\/2016\/06\/ivar-300x225.jpg 300w, https:\/\/haanja100.ee\/wp-content\/uploads\/2016\/06\/ivar-768x576.jpg 768w, https:\/\/haanja100.ee\/wp-content\/uploads\/2016\/06\/ivar-1024x768.jpg 1024w, https:\/\/haanja100.ee\/wp-content\/uploads\/2016\/06\/ivar.jpg 2048w\" sizes=\"(max-width: 300px) 100vw, 300px\" \/>Holden \u00fctles<\/strong>:<\/p>\n<p><em>&#8220;Aga \u00e4ra ma selle tegin!!!!!!!!!!!!!!!!! Korraldajal on moraalne kohustus rada enne v\u00f5istlejate pealelubamist l\u00e4bida, kas pole nii?&#8221; <\/em>(v\u00e4ljav\u00f5te velo.clubbers foorumi postitusest peale 02.09.2004 toimunud ametlikku Haanja100 raja esmakordset t\u00e4ies pikkuses l\u00e4bimist)<\/p>\n<p><strong>Speciality:<\/strong><\/p>\n<p>track planning, single-track building, track testing, advertising, public relations, starting numbers and so on<\/p>\n<h2>Kes: Ivo<\/h2>\n<p><strong><img decoding=\"async\" class=\"alignright size-medium wp-image-40\" src=\"http:\/\/haanja100.ee\/wp-content\/uploads\/2016\/06\/ivo-300x225.jpg\" alt=\"ivo\" width=\"300\" height=\"225\" srcset=\"https:\/\/haanja100.ee\/wp-content\/uploads\/2016\/06\/ivo-300x225.jpg 300w, https:\/\/haanja100.ee\/wp-content\/uploads\/2016\/06\/ivo-768x576.jpg 768w, https:\/\/haanja100.ee\/wp-content\/uploads\/2016\/06\/ivo.jpg 800w\" sizes=\"(max-width: 300px) 100vw, 300px\" \/>Ivo \u00fctles<\/strong>:<\/p>\n<p><em>&#8220;Mis siin ikka seletada, rada tuleb laup\u00e4eva hommikuks \u00e4ra m\u00e4rgistada!&#8221; <\/em>(igakordne jutt Ivo suust m\u00f5ned p\u00e4evad enne Haanja100-t)<\/p>\n<p><strong>Speciality:<\/strong><\/p>\n<p>route marking, feeding-stations<\/p>\n<div style=\"clear: both;\"><\/div>\n<p>&nbsp;<\/p>\n","protected":false},"excerpt":{"rendered":"<p>Kes: Silver Silver \u00fctles: &#8220;Tekkis selline m\u00f5te, et v\u00f5iks korraldada \u00fche karmi mtb s\u00f5idu Haanja kandis. Tegemist oleks oma ala fanaatikutele m\u00f5eldud \u00fcritusega, st. rada oleks nii karm kui seda annab siin v\u00e4hegi teha. Nagu nimestki n\u00e4ha, tuleks raja pikkuseks ~100 km, kindlasti mitte v\u00e4hem, ehk isegi rohkem!&#8221; (v\u00e4ljav\u00f5te velo.clubbers foorumi esimesest ametlikust Haanja100-teemalisest postitusest [&hellip;]<\/p>\n","protected":false},"author":1,"featured_media":0,"parent":0,"menu_order":0,"comment_status":"closed","ping_status":"closed","template":"","meta":{"_acf_changed":false,"footnotes":""},"class_list":["post-60","page","type-page","status-publish","hentry"],"acf":[],"yoast_head":"<!-- This site is optimized with the Yoast SEO plugin v27.4 - https:\/\/yoast.com\/product\/yoast-seo-wordpress\/ -->\n<title>Staff - Haanja100<\/title>\n<meta name=\"robots\" content=\"index, follow, max-snippet:-1, max-image-preview:large, max-video-preview:-1\" \/>\n<link rel=\"canonical\" href=\"https:\/\/haanja100.ee\/en\/staff\/\" \/>\n<meta property=\"og:locale\" content=\"en_US\" \/>\n<meta property=\"og:type\" content=\"article\" \/>\n<meta property=\"og:title\" content=\"Staff - Haanja100\" \/>\n<meta property=\"og:description\" content=\"Kes: Silver Silver \u00fctles: &#8220;Tekkis selline m\u00f5te, et v\u00f5iks korraldada \u00fche karmi mtb s\u00f5idu Haanja kandis. Tegemist oleks oma ala fanaatikutele m\u00f5eldud \u00fcritusega, st. rada oleks nii karm kui seda annab siin v\u00e4hegi teha. Nagu nimestki n\u00e4ha, tuleks raja pikkuseks ~100 km, kindlasti mitte v\u00e4hem, ehk isegi rohkem!&#8221; (v\u00e4ljav\u00f5te velo.clubbers foorumi esimesest ametlikust Haanja100-teemalisest postitusest [&hellip;]\" \/>\n<meta property=\"og:url\" content=\"https:\/\/haanja100.ee\/en\/staff\/\" \/>\n<meta property=\"og:site_name\" content=\"Haanja100\" \/>\n<meta property=\"article:publisher\" content=\"https:\/\/www.facebook.com\/haanja100\/\" \/>\n<meta property=\"article:modified_time\" content=\"2022-09-06T20:52:42+00:00\" \/>\n<meta property=\"og:image\" content=\"http:\/\/haanja100.ee\/wp-content\/uploads\/2016\/06\/silver-300x225.jpg\" \/>\n<meta name=\"twitter:card\" content=\"summary_large_image\" \/>\n<meta name=\"twitter:label1\" content=\"Est. reading time\" \/>\n\t<meta name=\"twitter:data1\" content=\"2 minutes\" \/>\n<script type=\"application\/ld+json\" class=\"yoast-schema-graph\">{\"@context\":\"https:\\\/\\\/schema.org\",\"@graph\":[{\"@type\":\"WebPage\",\"@id\":\"https:\\\/\\\/haanja100.ee\\\/en\\\/staff\\\/\",\"url\":\"https:\\\/\\\/haanja100.ee\\\/en\\\/staff\\\/\",\"name\":\"Staff - Haanja100\",\"isPartOf\":{\"@id\":\"https:\\\/\\\/haanja100.ee\\\/en\\\/#website\"},\"primaryImageOfPage\":{\"@id\":\"https:\\\/\\\/haanja100.ee\\\/en\\\/staff\\\/#primaryimage\"},\"image\":{\"@id\":\"https:\\\/\\\/haanja100.ee\\\/en\\\/staff\\\/#primaryimage\"},\"thumbnailUrl\":\"http:\\\/\\\/haanja100.ee\\\/wp-content\\\/uploads\\\/2016\\\/06\\\/silver-300x225.jpg\",\"datePublished\":\"2016-06-28T20:22:43+00:00\",\"dateModified\":\"2022-09-06T20:52:42+00:00\",\"breadcrumb\":{\"@id\":\"https:\\\/\\\/haanja100.ee\\\/en\\\/staff\\\/#breadcrumb\"},\"inLanguage\":\"en-US\",\"potentialAction\":[{\"@type\":\"ReadAction\",\"target\":[\"https:\\\/\\\/haanja100.ee\\\/en\\\/staff\\\/\"]}]},{\"@type\":\"ImageObject\",\"inLanguage\":\"en-US\",\"@id\":\"https:\\\/\\\/haanja100.ee\\\/en\\\/staff\\\/#primaryimage\",\"url\":\"http:\\\/\\\/haanja100.ee\\\/wp-content\\\/uploads\\\/2016\\\/06\\\/silver-300x225.jpg\",\"contentUrl\":\"http:\\\/\\\/haanja100.ee\\\/wp-content\\\/uploads\\\/2016\\\/06\\\/silver-300x225.jpg\"},{\"@type\":\"BreadcrumbList\",\"@id\":\"https:\\\/\\\/haanja100.ee\\\/en\\\/staff\\\/#breadcrumb\",\"itemListElement\":[{\"@type\":\"ListItem\",\"position\":1,\"name\":\"Home\",\"item\":\"https:\\\/\\\/haanja100.ee\\\/en\\\/\"},{\"@type\":\"ListItem\",\"position\":2,\"name\":\"Staff\"}]},{\"@type\":\"WebSite\",\"@id\":\"https:\\\/\\\/haanja100.ee\\\/en\\\/#website\",\"url\":\"https:\\\/\\\/haanja100.ee\\\/en\\\/\",\"name\":\"Haanja100\",\"description\":\"Haanja100 ainult hulludele\",\"publisher\":{\"@id\":\"https:\\\/\\\/haanja100.ee\\\/en\\\/#organization\"},\"potentialAction\":[{\"@type\":\"SearchAction\",\"target\":{\"@type\":\"EntryPoint\",\"urlTemplate\":\"https:\\\/\\\/haanja100.ee\\\/en\\\/?s={search_term_string}\"},\"query-input\":{\"@type\":\"PropertyValueSpecification\",\"valueRequired\":true,\"valueName\":\"search_term_string\"}}],\"inLanguage\":\"en-US\"},{\"@type\":\"Organization\",\"@id\":\"https:\\\/\\\/haanja100.ee\\\/en\\\/#organization\",\"name\":\"Haanja100\",\"url\":\"https:\\\/\\\/haanja100.ee\\\/en\\\/\",\"logo\":{\"@type\":\"ImageObject\",\"inLanguage\":\"en-US\",\"@id\":\"https:\\\/\\\/haanja100.ee\\\/en\\\/#\\\/schema\\\/logo\\\/image\\\/\",\"url\":\"https:\\\/\\\/haanja100.ee\\\/wp-content\\\/uploads\\\/2016\\\/06\\\/h100_logo-1.png\",\"contentUrl\":\"https:\\\/\\\/haanja100.ee\\\/wp-content\\\/uploads\\\/2016\\\/06\\\/h100_logo-1.png\",\"width\":200,\"height\":160,\"caption\":\"Haanja100\"},\"image\":{\"@id\":\"https:\\\/\\\/haanja100.ee\\\/en\\\/#\\\/schema\\\/logo\\\/image\\\/\"},\"sameAs\":[\"https:\\\/\\\/www.facebook.com\\\/haanja100\\\/\"]}]}<\/script>\n<!-- \/ Yoast SEO plugin. -->","yoast_head_json":{"title":"Staff - Haanja100","robots":{"index":"index","follow":"follow","max-snippet":"max-snippet:-1","max-image-preview":"max-image-preview:large","max-video-preview":"max-video-preview:-1"},"canonical":"https:\/\/haanja100.ee\/en\/staff\/","og_locale":"en_US","og_type":"article","og_title":"Staff - Haanja100","og_description":"Kes: Silver Silver \u00fctles: &#8220;Tekkis selline m\u00f5te, et v\u00f5iks korraldada \u00fche karmi mtb s\u00f5idu Haanja kandis. Tegemist oleks oma ala fanaatikutele m\u00f5eldud \u00fcritusega, st. rada oleks nii karm kui seda annab siin v\u00e4hegi teha. Nagu nimestki n\u00e4ha, tuleks raja pikkuseks ~100 km, kindlasti mitte v\u00e4hem, ehk isegi rohkem!&#8221; (v\u00e4ljav\u00f5te velo.clubbers foorumi esimesest ametlikust Haanja100-teemalisest postitusest [&hellip;]","og_url":"https:\/\/haanja100.ee\/en\/staff\/","og_site_name":"Haanja100","article_publisher":"https:\/\/www.facebook.com\/haanja100\/","article_modified_time":"2022-09-06T20:52:42+00:00","og_image":[{"url":"http:\/\/haanja100.ee\/wp-content\/uploads\/2016\/06\/silver-300x225.jpg","type":"","width":"","height":""}],"twitter_card":"summary_large_image","twitter_misc":{"Est. reading time":"2 minutes"},"schema":{"@context":"https:\/\/schema.org","@graph":[{"@type":"WebPage","@id":"https:\/\/haanja100.ee\/en\/staff\/","url":"https:\/\/haanja100.ee\/en\/staff\/","name":"Staff - Haanja100","isPartOf":{"@id":"https:\/\/haanja100.ee\/en\/#website"},"primaryImageOfPage":{"@id":"https:\/\/haanja100.ee\/en\/staff\/#primaryimage"},"image":{"@id":"https:\/\/haanja100.ee\/en\/staff\/#primaryimage"},"thumbnailUrl":"http:\/\/haanja100.ee\/wp-content\/uploads\/2016\/06\/silver-300x225.jpg","datePublished":"2016-06-28T20:22:43+00:00","dateModified":"2022-09-06T20:52:42+00:00","breadcrumb":{"@id":"https:\/\/haanja100.ee\/en\/staff\/#breadcrumb"},"inLanguage":"en-US","potentialAction":[{"@type":"ReadAction","target":["https:\/\/haanja100.ee\/en\/staff\/"]}]},{"@type":"ImageObject","inLanguage":"en-US","@id":"https:\/\/haanja100.ee\/en\/staff\/#primaryimage","url":"http:\/\/haanja100.ee\/wp-content\/uploads\/2016\/06\/silver-300x225.jpg","contentUrl":"http:\/\/haanja100.ee\/wp-content\/uploads\/2016\/06\/silver-300x225.jpg"},{"@type":"BreadcrumbList","@id":"https:\/\/haanja100.ee\/en\/staff\/#breadcrumb","itemListElement":[{"@type":"ListItem","position":1,"name":"Home","item":"https:\/\/haanja100.ee\/en\/"},{"@type":"ListItem","position":2,"name":"Staff"}]},{"@type":"WebSite","@id":"https:\/\/haanja100.ee\/en\/#website","url":"https:\/\/haanja100.ee\/en\/","name":"Haanja100","description":"Haanja100 ainult hulludele","publisher":{"@id":"https:\/\/haanja100.ee\/en\/#organization"},"potentialAction":[{"@type":"SearchAction","target":{"@type":"EntryPoint","urlTemplate":"https:\/\/haanja100.ee\/en\/?s={search_term_string}"},"query-input":{"@type":"PropertyValueSpecification","valueRequired":true,"valueName":"search_term_string"}}],"inLanguage":"en-US"},{"@type":"Organization","@id":"https:\/\/haanja100.ee\/en\/#organization","name":"Haanja100","url":"https:\/\/haanja100.ee\/en\/","logo":{"@type":"ImageObject","inLanguage":"en-US","@id":"https:\/\/haanja100.ee\/en\/#\/schema\/logo\/image\/","url":"https:\/\/haanja100.ee\/wp-content\/uploads\/2016\/06\/h100_logo-1.png","contentUrl":"https:\/\/haanja100.ee\/wp-content\/uploads\/2016\/06\/h100_logo-1.png","width":200,"height":160,"caption":"Haanja100"},"image":{"@id":"https:\/\/haanja100.ee\/en\/#\/schema\/logo\/image\/"},"sameAs":["https:\/\/www.facebook.com\/haanja100\/"]}]}},"_links":{"self":[{"href":"https:\/\/haanja100.ee\/en\/wp-json\/wp\/v2\/pages\/60","targetHints":{"allow":["GET"]}}],"collection":[{"href":"https:\/\/haanja100.ee\/en\/wp-json\/wp\/v2\/pages"}],"about":[{"href":"https:\/\/haanja100.ee\/en\/wp-json\/wp\/v2\/types\/page"}],"author":[{"embeddable":true,"href":"https:\/\/haanja100.ee\/en\/wp-json\/wp\/v2\/users\/1"}],"replies":[{"embeddable":true,"href":"https:\/\/haanja100.ee\/en\/wp-json\/wp\/v2\/comments?post=60"}],"version-history":[{"count":4,"href":"https:\/\/haanja100.ee\/en\/wp-json\/wp\/v2\/pages\/60\/revisions"}],"predecessor-version":[{"id":5685,"href":"https:\/\/haanja100.ee\/en\/wp-json\/wp\/v2\/pages\/60\/revisions\/5685"}],"wp:attachment":[{"href":"https:\/\/haanja100.ee\/en\/wp-json\/wp\/v2\/media?parent=60"}],"curies":[{"name":"wp","href":"https:\/\/api.w.org\/{rel}","templated":true}]}}