{"id":4667,"date":"2021-10-09T11:58:12","date_gmt":"2021-10-09T08:58:12","guid":{"rendered":"https:\/\/haanja100.ee\/?page_id=4667"},"modified":"2025-10-07T10:34:45","modified_gmt":"2025-10-07T07:34:45","slug":"haanja100-mtb-winners-list","status":"publish","type":"page","link":"https:\/\/haanja100.ee\/en\/haanja100-mtb-winners-list\/","title":{"rendered":"Haanja100 MTB winners list 2004-2025"},"content":{"rendered":"<p>Haanja100 winners through the history:<\/p>\n<p><strong>2004<\/strong><br \/>\nRaido Kodanipork 4:50:23<br \/>\nEvelin Ansip 6:51:53 (83rd overall)<\/p>\n<p><strong>2005<\/strong><br \/>\nAleksejs Saramotins (LAT) 4:43:45<br \/>\nJana Matvejeva 6:04:26 (76.)<\/p>\n<p><strong>2006<\/strong><br \/>\nRaivo Maimre 4:46:23<br \/>\nGrete Treier 5:26:57 (23.)<br \/>\n<strong><br \/>\n2007<\/strong><br \/>\nErki Kukk 4:57:46<br \/>\nJana Matvejeva 6:52:09 (162.)<\/p>\n<p><strong>2008<\/strong><br \/>\nJaan Kirsipuu 5:01:40<br \/>\nIngrida \u0160mite (LAT) 6:50:37 (96.)<br \/>\n150km &#8211; Tarmo M\u00f5ttus 8:07:27<\/p>\n<p><strong>2009<\/strong><br \/>\nAllan Oras 5:04:16<br \/>\nMara Leitane (LAT) 7:01:30 (70.)<br \/>\n150km &#8211; Tarmo M\u00f5ttus 8:53:02<\/p>\n<p><strong>2010<\/strong><br \/>\nAllan Oras 4:48:32<br \/>\nLelde Ardava (LAT) 6:21:37 (70.)<br \/>\n150km &#8211; Tarmo M\u00f5ttus 8:30:05<\/p>\n<p><strong>2011<\/strong><br \/>\nMartin Loo 4:26:13<br \/>\nGrete Treier 5:22:54 (42.)<br \/>\n100 miles &#8211; Priit Tuisk 7:55:19<\/p>\n<p><strong>2012<\/strong><br \/>\nMartin Loo 4:25:40<br \/>\nPia Nieminen (FIN) 6:02:49 (63.)<br \/>\n100 miles &#8211; Tarmo M\u00f5ttus 8:00:17 and Lissu Pitk\u00e4nen (FIN) 11:09:38<\/p>\n<p><strong>2013<\/strong><br \/>\nChristoph Sauser (SUI) 4:08:46<br \/>\nDana Rozlapa (LAT) 5:16:48 (37.)<br \/>\n100 miles &#8211; Tarmo M\u00f5ttus 8:03:07 and Ingrida \u0160mite (LAT) 10:52:09<\/p>\n<p><strong>2014<\/strong><br \/>\nRiivo Schumann 4:29:59<br \/>\nGreete Steinburg 5:12:43 (51.)<\/p>\n<p><strong>2015<\/strong><br \/>\nKusti Kittil\u00e4 (FIN) 5:03:30<br \/>\nPauliina Pohja (FIN) 6:26:59 (57.)<\/p>\n<p><strong>2016<\/strong><br \/>\nMihail Utkin (RUS) 4:46:28<br \/>\nGreete Steinburg 5:30:03 (30.)<br \/>\n100 miles &#8211; Tarmo M\u00f5ttus 8:14:04 and Nina Honka (FIN) 13:06:05<\/p>\n<p><strong>2017<\/strong><br \/>\nMartin Loo 4:25:48<br \/>\nGreete Steinburg 5:15:01 (38.)<\/p>\n<p><strong>2018<\/strong><br \/>\nJosten Vaidem 4:45:33<br \/>\nIngrida \u0160mite (LAT) 6:38:19 (141.)<\/p>\n<p><strong>2019<\/strong><br \/>\nGert J\u00f5e\u00e4\u00e4r 5:08:33<br \/>\nIngrida \u0160mite (LAT) 7:04:58 (57.)<br \/>\n100 miles &#8211; Tarmo Neemela 8:48:11 and Anneliis Puu 13:54:23<\/p>\n<p><strong>2020<\/strong><br \/>\nJosten Vaidem 4:29:23<br \/>\nGreete Steinburg 5:34:18 (30.)<\/p>\n<p><strong>2021<\/strong><br \/>\nJosten Vaidem 4:51:13<br \/>\nMari Kruuser 6:44:08 (71.)<\/p>\n<p><strong>2022<\/strong><br \/>\nMartins Blums (LAT) 4:13:15<br \/>\nMari Kruuser\u00a0 5:38:35 (49.)<br \/>\n100 miles &#8211; Tarmo Neemela 8:47:33<\/p>\n<p><strong>2023<\/strong><br \/>\nJosten Vaidem 4:19:34<br \/>\nZane Priede\u00a0(LAT) 5:32:54 (73.)<\/p>\n<p><strong>2024<\/strong><br \/>\nJosten Vaidem 4:16:05<br \/>\nGreete Steinburg\u00a04:57:53 (24.)<\/p>\n<p><strong>2025<\/strong><br \/>\nJosten Vaidem 4:27:16<br \/>\nJanika L\u00f5iv 5:04:18 (17.)<\/p>\n","protected":false},"excerpt":{"rendered":"<p>Haanja100 winners through the history: 2004 Raido Kodanipork 4:50:23 Evelin Ansip 6:51:53 (83rd overall) 2005 Aleksejs Saramotins (LAT) 4:43:45 Jana Matvejeva 6:04:26 (76.) 2006 Raivo Maimre 4:46:23 Grete Treier 5:26:57 (23.) 2007 Erki Kukk 4:57:46 Jana Matvejeva 6:52:09 (162.) 2008 Jaan Kirsipuu 5:01:40 Ingrida \u0160mite (LAT) 6:50:37 (96.) 150km &#8211; Tarmo M\u00f5ttus 8:07:27 2009 Allan [&hellip;]<\/p>\n","protected":false},"author":2,"featured_media":0,"parent":0,"menu_order":0,"comment_status":"closed","ping_status":"closed","template":"","meta":{"_acf_changed":false,"footnotes":""},"class_list":["post-4667","page","type-page","status-publish","hentry"],"acf":[],"yoast_head":"<!-- This site is optimized with the Yoast SEO plugin v27.4 - https:\/\/yoast.com\/product\/yoast-seo-wordpress\/ -->\n<title>Haanja100 MTB winners list 2004-2025 - Haanja100<\/title>\n<meta name=\"robots\" content=\"index, follow, max-snippet:-1, max-image-preview:large, max-video-preview:-1\" \/>\n<link rel=\"canonical\" href=\"https:\/\/haanja100.ee\/en\/haanja100-mtb-winners-list\/\" \/>\n<meta property=\"og:locale\" content=\"en_US\" \/>\n<meta property=\"og:type\" content=\"article\" \/>\n<meta property=\"og:title\" content=\"Haanja100 MTB winners list 2004-2025 - Haanja100\" \/>\n<meta property=\"og:description\" content=\"Haanja100 winners through the history: 2004 Raido Kodanipork 4:50:23 Evelin Ansip 6:51:53 (83rd overall) 2005 Aleksejs Saramotins (LAT) 4:43:45 Jana Matvejeva 6:04:26 (76.) 2006 Raivo Maimre 4:46:23 Grete Treier 5:26:57 (23.) 2007 Erki Kukk 4:57:46 Jana Matvejeva 6:52:09 (162.) 2008 Jaan Kirsipuu 5:01:40 Ingrida \u0160mite (LAT) 6:50:37 (96.) 150km &#8211; Tarmo M\u00f5ttus 8:07:27 2009 Allan [&hellip;]\" \/>\n<meta property=\"og:url\" content=\"https:\/\/haanja100.ee\/en\/haanja100-mtb-winners-list\/\" \/>\n<meta property=\"og:site_name\" content=\"Haanja100\" \/>\n<meta property=\"article:publisher\" content=\"https:\/\/www.facebook.com\/haanja100\/\" \/>\n<meta property=\"article:modified_time\" content=\"2025-10-07T07:34:45+00:00\" \/>\n<meta property=\"og:image\" content=\"https:\/\/haanja100.ee\/wp-content\/uploads\/2016\/06\/h100_logo-1.png\" \/>\n\t<meta property=\"og:image:width\" content=\"200\" \/>\n\t<meta property=\"og:image:height\" content=\"160\" \/>\n\t<meta property=\"og:image:type\" content=\"image\/png\" \/>\n<meta name=\"twitter:card\" content=\"summary_large_image\" \/>\n<meta name=\"twitter:label1\" content=\"Est. reading time\" \/>\n\t<meta name=\"twitter:data1\" content=\"2 minutes\" \/>\n<script type=\"application\/ld+json\" class=\"yoast-schema-graph\">{\"@context\":\"https:\\\/\\\/schema.org\",\"@graph\":[{\"@type\":\"WebPage\",\"@id\":\"https:\\\/\\\/haanja100.ee\\\/en\\\/haanja100-mtb-winners-list\\\/\",\"url\":\"https:\\\/\\\/haanja100.ee\\\/en\\\/haanja100-mtb-winners-list\\\/\",\"name\":\"Haanja100 MTB winners list 2004-2025 - Haanja100\",\"isPartOf\":{\"@id\":\"https:\\\/\\\/haanja100.ee\\\/en\\\/#website\"},\"datePublished\":\"2021-10-09T08:58:12+00:00\",\"dateModified\":\"2025-10-07T07:34:45+00:00\",\"breadcrumb\":{\"@id\":\"https:\\\/\\\/haanja100.ee\\\/en\\\/haanja100-mtb-winners-list\\\/#breadcrumb\"},\"inLanguage\":\"en-US\",\"potentialAction\":[{\"@type\":\"ReadAction\",\"target\":[\"https:\\\/\\\/haanja100.ee\\\/en\\\/haanja100-mtb-winners-list\\\/\"]}]},{\"@type\":\"BreadcrumbList\",\"@id\":\"https:\\\/\\\/haanja100.ee\\\/en\\\/haanja100-mtb-winners-list\\\/#breadcrumb\",\"itemListElement\":[{\"@type\":\"ListItem\",\"position\":1,\"name\":\"Home\",\"item\":\"https:\\\/\\\/haanja100.ee\\\/en\\\/\"},{\"@type\":\"ListItem\",\"position\":2,\"name\":\"Haanja100 MTB winners list 2004-2025\"}]},{\"@type\":\"WebSite\",\"@id\":\"https:\\\/\\\/haanja100.ee\\\/en\\\/#website\",\"url\":\"https:\\\/\\\/haanja100.ee\\\/en\\\/\",\"name\":\"Haanja100\",\"description\":\"Haanja100 ainult hulludele\",\"publisher\":{\"@id\":\"https:\\\/\\\/haanja100.ee\\\/en\\\/#organization\"},\"potentialAction\":[{\"@type\":\"SearchAction\",\"target\":{\"@type\":\"EntryPoint\",\"urlTemplate\":\"https:\\\/\\\/haanja100.ee\\\/en\\\/?s={search_term_string}\"},\"query-input\":{\"@type\":\"PropertyValueSpecification\",\"valueRequired\":true,\"valueName\":\"search_term_string\"}}],\"inLanguage\":\"en-US\"},{\"@type\":\"Organization\",\"@id\":\"https:\\\/\\\/haanja100.ee\\\/en\\\/#organization\",\"name\":\"Haanja100\",\"url\":\"https:\\\/\\\/haanja100.ee\\\/en\\\/\",\"logo\":{\"@type\":\"ImageObject\",\"inLanguage\":\"en-US\",\"@id\":\"https:\\\/\\\/haanja100.ee\\\/en\\\/#\\\/schema\\\/logo\\\/image\\\/\",\"url\":\"https:\\\/\\\/haanja100.ee\\\/wp-content\\\/uploads\\\/2016\\\/06\\\/h100_logo-1.png\",\"contentUrl\":\"https:\\\/\\\/haanja100.ee\\\/wp-content\\\/uploads\\\/2016\\\/06\\\/h100_logo-1.png\",\"width\":200,\"height\":160,\"caption\":\"Haanja100\"},\"image\":{\"@id\":\"https:\\\/\\\/haanja100.ee\\\/en\\\/#\\\/schema\\\/logo\\\/image\\\/\"},\"sameAs\":[\"https:\\\/\\\/www.facebook.com\\\/haanja100\\\/\"]}]}<\/script>\n<!-- \/ Yoast SEO plugin. -->","yoast_head_json":{"title":"Haanja100 MTB winners list 2004-2025 - Haanja100","robots":{"index":"index","follow":"follow","max-snippet":"max-snippet:-1","max-image-preview":"max-image-preview:large","max-video-preview":"max-video-preview:-1"},"canonical":"https:\/\/haanja100.ee\/en\/haanja100-mtb-winners-list\/","og_locale":"en_US","og_type":"article","og_title":"Haanja100 MTB winners list 2004-2025 - Haanja100","og_description":"Haanja100 winners through the history: 2004 Raido Kodanipork 4:50:23 Evelin Ansip 6:51:53 (83rd overall) 2005 Aleksejs Saramotins (LAT) 4:43:45 Jana Matvejeva 6:04:26 (76.) 2006 Raivo Maimre 4:46:23 Grete Treier 5:26:57 (23.) 2007 Erki Kukk 4:57:46 Jana Matvejeva 6:52:09 (162.) 2008 Jaan Kirsipuu 5:01:40 Ingrida \u0160mite (LAT) 6:50:37 (96.) 150km &#8211; Tarmo M\u00f5ttus 8:07:27 2009 Allan [&hellip;]","og_url":"https:\/\/haanja100.ee\/en\/haanja100-mtb-winners-list\/","og_site_name":"Haanja100","article_publisher":"https:\/\/www.facebook.com\/haanja100\/","article_modified_time":"2025-10-07T07:34:45+00:00","og_image":[{"width":200,"height":160,"url":"https:\/\/haanja100.ee\/wp-content\/uploads\/2016\/06\/h100_logo-1.png","type":"image\/png"}],"twitter_card":"summary_large_image","twitter_misc":{"Est. reading time":"2 minutes"},"schema":{"@context":"https:\/\/schema.org","@graph":[{"@type":"WebPage","@id":"https:\/\/haanja100.ee\/en\/haanja100-mtb-winners-list\/","url":"https:\/\/haanja100.ee\/en\/haanja100-mtb-winners-list\/","name":"Haanja100 MTB winners list 2004-2025 - Haanja100","isPartOf":{"@id":"https:\/\/haanja100.ee\/en\/#website"},"datePublished":"2021-10-09T08:58:12+00:00","dateModified":"2025-10-07T07:34:45+00:00","breadcrumb":{"@id":"https:\/\/haanja100.ee\/en\/haanja100-mtb-winners-list\/#breadcrumb"},"inLanguage":"en-US","potentialAction":[{"@type":"ReadAction","target":["https:\/\/haanja100.ee\/en\/haanja100-mtb-winners-list\/"]}]},{"@type":"BreadcrumbList","@id":"https:\/\/haanja100.ee\/en\/haanja100-mtb-winners-list\/#breadcrumb","itemListElement":[{"@type":"ListItem","position":1,"name":"Home","item":"https:\/\/haanja100.ee\/en\/"},{"@type":"ListItem","position":2,"name":"Haanja100 MTB winners list 2004-2025"}]},{"@type":"WebSite","@id":"https:\/\/haanja100.ee\/en\/#website","url":"https:\/\/haanja100.ee\/en\/","name":"Haanja100","description":"Haanja100 ainult hulludele","publisher":{"@id":"https:\/\/haanja100.ee\/en\/#organization"},"potentialAction":[{"@type":"SearchAction","target":{"@type":"EntryPoint","urlTemplate":"https:\/\/haanja100.ee\/en\/?s={search_term_string}"},"query-input":{"@type":"PropertyValueSpecification","valueRequired":true,"valueName":"search_term_string"}}],"inLanguage":"en-US"},{"@type":"Organization","@id":"https:\/\/haanja100.ee\/en\/#organization","name":"Haanja100","url":"https:\/\/haanja100.ee\/en\/","logo":{"@type":"ImageObject","inLanguage":"en-US","@id":"https:\/\/haanja100.ee\/en\/#\/schema\/logo\/image\/","url":"https:\/\/haanja100.ee\/wp-content\/uploads\/2016\/06\/h100_logo-1.png","contentUrl":"https:\/\/haanja100.ee\/wp-content\/uploads\/2016\/06\/h100_logo-1.png","width":200,"height":160,"caption":"Haanja100"},"image":{"@id":"https:\/\/haanja100.ee\/en\/#\/schema\/logo\/image\/"},"sameAs":["https:\/\/www.facebook.com\/haanja100\/"]}]}},"_links":{"self":[{"href":"https:\/\/haanja100.ee\/en\/wp-json\/wp\/v2\/pages\/4667","targetHints":{"allow":["GET"]}}],"collection":[{"href":"https:\/\/haanja100.ee\/en\/wp-json\/wp\/v2\/pages"}],"about":[{"href":"https:\/\/haanja100.ee\/en\/wp-json\/wp\/v2\/types\/page"}],"author":[{"embeddable":true,"href":"https:\/\/haanja100.ee\/en\/wp-json\/wp\/v2\/users\/2"}],"replies":[{"embeddable":true,"href":"https:\/\/haanja100.ee\/en\/wp-json\/wp\/v2\/comments?post=4667"}],"version-history":[{"count":10,"href":"https:\/\/haanja100.ee\/en\/wp-json\/wp\/v2\/pages\/4667\/revisions"}],"predecessor-version":[{"id":8532,"href":"https:\/\/haanja100.ee\/en\/wp-json\/wp\/v2\/pages\/4667\/revisions\/8532"}],"wp:attachment":[{"href":"https:\/\/haanja100.ee\/en\/wp-json\/wp\/v2\/media?parent=4667"}],"curies":[{"name":"wp","href":"https:\/\/api.w.org\/{rel}","templated":true}]}}