{"id":3692,"date":"2021-01-12T13:50:19","date_gmt":"2021-01-12T11:50:19","guid":{"rendered":"https:\/\/haanja100.ee\/?page_id=3692"},"modified":"2025-06-16T09:07:37","modified_gmt":"2025-06-16T06:07:37","slug":"tour-de-rouge-mtb-results","status":"publish","type":"page","link":"https:\/\/haanja100.ee\/en\/tour-de-rouge-mtb-results\/","title":{"rendered":"Tour de R\u00f5uge MTB results"},"content":{"rendered":"<p><a class=\"btn\" href=\"https:\/\/haanja100.ee\/wp-content\/uploads\/2025\/06\/tdr_results_24.pdf\" target=\"_blank\" rel=\"noopener noreferrer\">Tour de R\u00f5uge MTB 2024<\/a> <a class=\"btn\" href=\"https:\/\/haanja100.ee\/wp-content\/uploads\/2025\/06\/tdr_results_24.xlsx\" target=\"_blank\" rel=\"noopener noreferrer\">By stages in excel file<\/a><\/p>\n<p><a class=\"btn\" href=\"https:\/\/haanja100.ee\/wp-content\/uploads\/2023\/07\/TDR-results-23.pdf\" target=\"_blank\" rel=\"noopener noreferrer\">Tour de R\u00f5uge MTB 2023<\/a> <a class=\"btn\" href=\"https:\/\/haanja100.ee\/wp-content\/uploads\/2023\/07\/TDR-results-23.xlsx\" target=\"_blank\" rel=\"noopener noreferrer\">By stages in excel file<\/a><\/p>\n<p><a class=\"btn\" href=\"https:\/\/haanja100.ee\/wp-content\/uploads\/2023\/07\/TDR-results-22-1.pdf\" target=\"_blank\" rel=\"noopener noreferrer\">Tour de R\u00f5uge MTB 2022<\/a> <a class=\"btn\" href=\"https:\/\/haanja100.ee\/wp-content\/uploads\/2023\/07\/TDR-results-22.xlsx\" target=\"_blank\" rel=\"noopener noreferrer\">By stages in excel file<\/a><\/p>\n<p><a class=\"btn\" href=\"https:\/\/haanja100.ee\/wp-content\/uploads\/2022\/07\/TdR-21-results.pdf\" target=\"_blank\" rel=\"noopener noreferrer\">Tour de R\u00f5uge MTB 2021<\/a> <a class=\"btn\" href=\"https:\/\/haanja100.ee\/wp-content\/uploads\/2022\/07\/TDR-results-21.xlsx\" target=\"_blank\" rel=\"noopener noreferrer\">By stages in excel file<\/a><\/p>\n<p><a class=\"btn\" href=\"https:\/\/haanja100.ee\/wp-content\/uploads\/2021\/01\/tdr_2020.pdf\" target=\"_blank\" rel=\"noopener noreferrer\">Tour de R\u00f5uge MTB 2020<\/a> <a class=\"btn\" href=\"https:\/\/haanja100.ee\/wp-content\/uploads\/2021\/01\/results_tdr_2020.xlsx\" target=\"_blank\" rel=\"noopener noreferrer\">By stages in excel file<\/a><\/p>\n","protected":false},"excerpt":{"rendered":"<p>Tour de R\u00f5uge MTB 2024 By stages in excel file Tour de R\u00f5uge MTB 2023 By stages in excel file Tour de R\u00f5uge MTB 2022 By stages in excel file Tour de R\u00f5uge MTB 2021 By stages in excel file Tour de R\u00f5uge MTB 2020 By stages in excel file<\/p>\n","protected":false},"author":2,"featured_media":0,"parent":0,"menu_order":0,"comment_status":"closed","ping_status":"closed","template":"","meta":{"_acf_changed":false,"footnotes":""},"class_list":["post-3692","page","type-page","status-publish","hentry"],"acf":[],"yoast_head":"<!-- This site is optimized with the Yoast SEO plugin v27.4 - https:\/\/yoast.com\/product\/yoast-seo-wordpress\/ -->\n<title>Tour de R\u00f5uge MTB results - Haanja100<\/title>\n<meta name=\"robots\" content=\"index, follow, max-snippet:-1, max-image-preview:large, max-video-preview:-1\" \/>\n<link rel=\"canonical\" href=\"https:\/\/haanja100.ee\/en\/tour-de-rouge-mtb-results\/\" \/>\n<meta property=\"og:locale\" content=\"en_US\" \/>\n<meta property=\"og:type\" content=\"article\" \/>\n<meta property=\"og:title\" content=\"Tour de R\u00f5uge MTB results - Haanja100\" \/>\n<meta property=\"og:description\" content=\"Tour de R\u00f5uge MTB 2024 By stages in excel file Tour de R\u00f5uge MTB 2023 By stages in excel file Tour de R\u00f5uge MTB 2022 By stages in excel file Tour de R\u00f5uge MTB 2021 By stages in excel file Tour de R\u00f5uge MTB 2020 By stages in excel file\" \/>\n<meta property=\"og:url\" content=\"https:\/\/haanja100.ee\/en\/tour-de-rouge-mtb-results\/\" \/>\n<meta property=\"og:site_name\" content=\"Haanja100\" \/>\n<meta property=\"article:publisher\" content=\"https:\/\/www.facebook.com\/haanja100\/\" \/>\n<meta property=\"article:modified_time\" content=\"2025-06-16T06:07:37+00:00\" \/>\n<meta property=\"og:image\" content=\"https:\/\/haanja100.ee\/wp-content\/uploads\/2016\/06\/h100_logo-1.png\" \/>\n\t<meta property=\"og:image:width\" content=\"200\" \/>\n\t<meta property=\"og:image:height\" content=\"160\" \/>\n\t<meta property=\"og:image:type\" content=\"image\/png\" \/>\n<meta name=\"twitter:card\" content=\"summary_large_image\" \/>\n<meta name=\"twitter:label1\" content=\"Est. reading time\" \/>\n\t<meta name=\"twitter:data1\" content=\"1 minute\" \/>\n<script type=\"application\/ld+json\" class=\"yoast-schema-graph\">{\"@context\":\"https:\\\/\\\/schema.org\",\"@graph\":[{\"@type\":\"WebPage\",\"@id\":\"https:\\\/\\\/haanja100.ee\\\/en\\\/tour-de-rouge-mtb-results\\\/\",\"url\":\"https:\\\/\\\/haanja100.ee\\\/en\\\/tour-de-rouge-mtb-results\\\/\",\"name\":\"Tour de R\u00f5uge MTB results - Haanja100\",\"isPartOf\":{\"@id\":\"https:\\\/\\\/haanja100.ee\\\/en\\\/#website\"},\"datePublished\":\"2021-01-12T11:50:19+00:00\",\"dateModified\":\"2025-06-16T06:07:37+00:00\",\"breadcrumb\":{\"@id\":\"https:\\\/\\\/haanja100.ee\\\/en\\\/tour-de-rouge-mtb-results\\\/#breadcrumb\"},\"inLanguage\":\"en-US\",\"potentialAction\":[{\"@type\":\"ReadAction\",\"target\":[\"https:\\\/\\\/haanja100.ee\\\/en\\\/tour-de-rouge-mtb-results\\\/\"]}]},{\"@type\":\"BreadcrumbList\",\"@id\":\"https:\\\/\\\/haanja100.ee\\\/en\\\/tour-de-rouge-mtb-results\\\/#breadcrumb\",\"itemListElement\":[{\"@type\":\"ListItem\",\"position\":1,\"name\":\"Home\",\"item\":\"https:\\\/\\\/haanja100.ee\\\/en\\\/\"},{\"@type\":\"ListItem\",\"position\":2,\"name\":\"Tour de R\u00f5uge MTB results\"}]},{\"@type\":\"WebSite\",\"@id\":\"https:\\\/\\\/haanja100.ee\\\/en\\\/#website\",\"url\":\"https:\\\/\\\/haanja100.ee\\\/en\\\/\",\"name\":\"Haanja100\",\"description\":\"Haanja100 ainult hulludele\",\"publisher\":{\"@id\":\"https:\\\/\\\/haanja100.ee\\\/en\\\/#organization\"},\"potentialAction\":[{\"@type\":\"SearchAction\",\"target\":{\"@type\":\"EntryPoint\",\"urlTemplate\":\"https:\\\/\\\/haanja100.ee\\\/en\\\/?s={search_term_string}\"},\"query-input\":{\"@type\":\"PropertyValueSpecification\",\"valueRequired\":true,\"valueName\":\"search_term_string\"}}],\"inLanguage\":\"en-US\"},{\"@type\":\"Organization\",\"@id\":\"https:\\\/\\\/haanja100.ee\\\/en\\\/#organization\",\"name\":\"Haanja100\",\"url\":\"https:\\\/\\\/haanja100.ee\\\/en\\\/\",\"logo\":{\"@type\":\"ImageObject\",\"inLanguage\":\"en-US\",\"@id\":\"https:\\\/\\\/haanja100.ee\\\/en\\\/#\\\/schema\\\/logo\\\/image\\\/\",\"url\":\"https:\\\/\\\/haanja100.ee\\\/wp-content\\\/uploads\\\/2016\\\/06\\\/h100_logo-1.png\",\"contentUrl\":\"https:\\\/\\\/haanja100.ee\\\/wp-content\\\/uploads\\\/2016\\\/06\\\/h100_logo-1.png\",\"width\":200,\"height\":160,\"caption\":\"Haanja100\"},\"image\":{\"@id\":\"https:\\\/\\\/haanja100.ee\\\/en\\\/#\\\/schema\\\/logo\\\/image\\\/\"},\"sameAs\":[\"https:\\\/\\\/www.facebook.com\\\/haanja100\\\/\"]}]}<\/script>\n<!-- \/ Yoast SEO plugin. -->","yoast_head_json":{"title":"Tour de R\u00f5uge MTB results - Haanja100","robots":{"index":"index","follow":"follow","max-snippet":"max-snippet:-1","max-image-preview":"max-image-preview:large","max-video-preview":"max-video-preview:-1"},"canonical":"https:\/\/haanja100.ee\/en\/tour-de-rouge-mtb-results\/","og_locale":"en_US","og_type":"article","og_title":"Tour de R\u00f5uge MTB results - Haanja100","og_description":"Tour de R\u00f5uge MTB 2024 By stages in excel file Tour de R\u00f5uge MTB 2023 By stages in excel file Tour de R\u00f5uge MTB 2022 By stages in excel file Tour de R\u00f5uge MTB 2021 By stages in excel file Tour de R\u00f5uge MTB 2020 By stages in excel file","og_url":"https:\/\/haanja100.ee\/en\/tour-de-rouge-mtb-results\/","og_site_name":"Haanja100","article_publisher":"https:\/\/www.facebook.com\/haanja100\/","article_modified_time":"2025-06-16T06:07:37+00:00","og_image":[{"width":200,"height":160,"url":"https:\/\/haanja100.ee\/wp-content\/uploads\/2016\/06\/h100_logo-1.png","type":"image\/png"}],"twitter_card":"summary_large_image","twitter_misc":{"Est. reading time":"1 minute"},"schema":{"@context":"https:\/\/schema.org","@graph":[{"@type":"WebPage","@id":"https:\/\/haanja100.ee\/en\/tour-de-rouge-mtb-results\/","url":"https:\/\/haanja100.ee\/en\/tour-de-rouge-mtb-results\/","name":"Tour de R\u00f5uge MTB results - Haanja100","isPartOf":{"@id":"https:\/\/haanja100.ee\/en\/#website"},"datePublished":"2021-01-12T11:50:19+00:00","dateModified":"2025-06-16T06:07:37+00:00","breadcrumb":{"@id":"https:\/\/haanja100.ee\/en\/tour-de-rouge-mtb-results\/#breadcrumb"},"inLanguage":"en-US","potentialAction":[{"@type":"ReadAction","target":["https:\/\/haanja100.ee\/en\/tour-de-rouge-mtb-results\/"]}]},{"@type":"BreadcrumbList","@id":"https:\/\/haanja100.ee\/en\/tour-de-rouge-mtb-results\/#breadcrumb","itemListElement":[{"@type":"ListItem","position":1,"name":"Home","item":"https:\/\/haanja100.ee\/en\/"},{"@type":"ListItem","position":2,"name":"Tour de R\u00f5uge MTB results"}]},{"@type":"WebSite","@id":"https:\/\/haanja100.ee\/en\/#website","url":"https:\/\/haanja100.ee\/en\/","name":"Haanja100","description":"Haanja100 ainult hulludele","publisher":{"@id":"https:\/\/haanja100.ee\/en\/#organization"},"potentialAction":[{"@type":"SearchAction","target":{"@type":"EntryPoint","urlTemplate":"https:\/\/haanja100.ee\/en\/?s={search_term_string}"},"query-input":{"@type":"PropertyValueSpecification","valueRequired":true,"valueName":"search_term_string"}}],"inLanguage":"en-US"},{"@type":"Organization","@id":"https:\/\/haanja100.ee\/en\/#organization","name":"Haanja100","url":"https:\/\/haanja100.ee\/en\/","logo":{"@type":"ImageObject","inLanguage":"en-US","@id":"https:\/\/haanja100.ee\/en\/#\/schema\/logo\/image\/","url":"https:\/\/haanja100.ee\/wp-content\/uploads\/2016\/06\/h100_logo-1.png","contentUrl":"https:\/\/haanja100.ee\/wp-content\/uploads\/2016\/06\/h100_logo-1.png","width":200,"height":160,"caption":"Haanja100"},"image":{"@id":"https:\/\/haanja100.ee\/en\/#\/schema\/logo\/image\/"},"sameAs":["https:\/\/www.facebook.com\/haanja100\/"]}]}},"_links":{"self":[{"href":"https:\/\/haanja100.ee\/en\/wp-json\/wp\/v2\/pages\/3692","targetHints":{"allow":["GET"]}}],"collection":[{"href":"https:\/\/haanja100.ee\/en\/wp-json\/wp\/v2\/pages"}],"about":[{"href":"https:\/\/haanja100.ee\/en\/wp-json\/wp\/v2\/types\/page"}],"author":[{"embeddable":true,"href":"https:\/\/haanja100.ee\/en\/wp-json\/wp\/v2\/users\/2"}],"replies":[{"embeddable":true,"href":"https:\/\/haanja100.ee\/en\/wp-json\/wp\/v2\/comments?post=3692"}],"version-history":[{"count":8,"href":"https:\/\/haanja100.ee\/en\/wp-json\/wp\/v2\/pages\/3692\/revisions"}],"predecessor-version":[{"id":7911,"href":"https:\/\/haanja100.ee\/en\/wp-json\/wp\/v2\/pages\/3692\/revisions\/7911"}],"wp:attachment":[{"href":"https:\/\/haanja100.ee\/en\/wp-json\/wp\/v2\/media?parent=3692"}],"curies":[{"name":"wp","href":"https:\/\/api.w.org\/{rel}","templated":true}]}}