{"id":337,"date":"2016-07-18T23:52:10","date_gmt":"2016-07-18T20:52:10","guid":{"rendered":"https:\/\/haanja100.ee\/en\/?page_id=337"},"modified":"2016-07-18T23:52:10","modified_gmt":"2016-07-18T20:52:10","slug":"tour-de-rouge-mtb-2016","status":"publish","type":"page","link":"https:\/\/haanja100.ee\/en\/tour-de-rouge-mtb-2016\/","title":{"rendered":"Tour de R\u00f5uge MTB 2016"},"content":{"rendered":"<p>P\u00fchap\u00e4eval R\u00f5uges l\u00f5ppenud tuuri viimane p\u00e4ev ei toonud vaatamata viitstardi poolt tekitatud m\u00f5ningale p\u00f5nevusele siiski muutusi tuuri \u00fcldj\u00e4rjestusse ning nii viis v\u00f5idu Rein Taaram\u00e4e Rattaklubisse Vahur Valvas koguajaga 6:52.55.<\/p>\n<p><!--more-->Vaid 8,3 sekundiga j\u00e4i teiseks Joonas Maanurm ning kolmandana \u00fcletas l\u00f5pujoone Tarmo Neemela, kaotust v\u00f5itjale 32,8 sekundit. Meespaaride seas vormistas kindla v\u00f5idu RedBike\/Wilo koosseisus Toomas Erikson\/Peeter Poopuu. Naiste arvestuses ei olnud vastast Marianne Palusoole Veloplus Torq Proteamist ning segapaaride arvestuses olid kiireim L\u00e4ti segapaar &#8220;Es no la\u010da nebaidos&#8221; koosseisus Ingrida Smite\/Nils Kazaks.<\/p>\n<p>Kokku l\u00f5petas k\u00fcmnendat korda peetud ning seekordselt 154km pikkuse ning 2200 t\u00f5usumeetriga tuuri 94 meessoolot. 22 meespaari, 3 naissoolot ja 3 segapaari, ehk siis \u00fchtekokku 154 ratturit Eestist, L\u00e4tist, Soomest ja Venemaalt.<\/p>\n<p>M solo:<br \/>\n1. Vahur Valvas 6:52.55<br \/>\n2. Joonas Maanurm 6:53.04<br \/>\n3. Tarmo Neemela 6:53.28<\/p>\n<p>W solo:<br \/>\n1. Marianne Palusoo 8:27.52<br \/>\n2. Viktoria Zdeblovskaja (RUS) 9:16.36<br \/>\n3. Karin Kriis 11:52.31<\/p>\n<p>M pairs:<br \/>\n1. RedBike\/Wilo (Toomas Erikson, Peeter Poopuu) 6:57.54<br \/>\n2. Hawaii Express (Karel Kruuser, Lauri Malsroos) 7:08.10<br \/>\n3. Lizums (LAT) (Aivars Darznieks, Renars Pucitis) 7:25.56<\/p>\n<p>Mix Pairs:<br \/>\n1. Es no la\u010da nebaidos (LAT) (Ingrida Smite. Nils Kazaks) 8:19.36<br \/>\n2. Esimest korda (Tatjana Dobolina, Silver Havamaa) 8:28.593. Tervisesport (Elle Lepik, T\u00f5nu Talur) 9:00.15<\/p>\n<p><a href=\"http:\/\/vorumaaspordiliit.ee\/files\/menu\/\/2016071704210000.pdf\">10. TOUR DE R\u00d5UGE L\u00d5PUPROTOKOLL (esialgne)<\/a><\/p>\n<p><a href=\"http:\/\/vorumaaspordiliit.ee\/files\/menu\/\/2016071704212828.pdf\">III ETAPI TULEMUSED (netoaeg)<\/a><\/p>\n<p><a href=\"http:\/\/vorumaaspordiliit.ee\/files\/menu\/\/2016071704210000.pdf\">ESIMESE P\u00c4EVA PILDID<\/a><br \/>\n<a href=\"http:\/\/lkylli.zenfolio.com\/p123805500\">TEISE P\u00c4EVA PILDID<\/a><br \/>\n<a href=\"http:\/\/lkylli.zenfolio.com\/p575770865\">KOLMANDA P\u00c4EVA PILDID<br \/>\n<\/a><a href=\"https:\/\/www.youtube.com\/watch?v=hUJDnsuhgXs&amp;feature=youtu.be&amp;list=PLCcY90XYU19cwlnpAm-JINmuFwV9i2g5u\">VIDEOKOKKUV\u00d5TE PARDAKAAMERAST<\/a><\/p>\n<p><strong>Tour de R\u00f5uge tiim t\u00e4nab k\u00f5iki osalejaid tuuri eluvaimu seeshoidmise eest, selle-aastane korralik osalejate arv annab lootust, et 11. Tour de R\u00f5uge MTB ei ole enam m\u00e4gede, vaid ainult 361 p\u00e4eva taga! L\u00f5plik kinnitus kuup\u00e4evadele 14.-16.2017 saabub Haanja100 ajaks ehk siis septembri l\u00f5puks! <\/strong><br \/>\n<strong>MEIE T\u00c4NAME!!!<\/strong><\/p>\n","protected":false},"excerpt":{"rendered":"<p>P\u00fchap\u00e4eval R\u00f5uges l\u00f5ppenud tuuri viimane p\u00e4ev ei toonud vaatamata viitstardi poolt tekitatud m\u00f5ningale p\u00f5nevusele siiski muutusi tuuri \u00fcldj\u00e4rjestusse ning nii viis v\u00f5idu Rein Taaram\u00e4e Rattaklubisse Vahur Valvas koguajaga 6:52.55.<\/p>\n","protected":false},"author":2,"featured_media":0,"parent":0,"menu_order":0,"comment_status":"closed","ping_status":"closed","template":"","meta":{"_acf_changed":false,"footnotes":""},"class_list":["post-337","page","type-page","status-publish","hentry"],"acf":[],"yoast_head":"<!-- This site is optimized with the Yoast SEO plugin v27.4 - https:\/\/yoast.com\/product\/yoast-seo-wordpress\/ -->\n<title>Tour de R\u00f5uge MTB 2016 - Haanja100<\/title>\n<meta name=\"robots\" content=\"index, follow, max-snippet:-1, max-image-preview:large, max-video-preview:-1\" \/>\n<link rel=\"canonical\" href=\"https:\/\/haanja100.ee\/en\/tour-de-rouge-mtb-2016\/\" \/>\n<meta property=\"og:locale\" content=\"en_US\" \/>\n<meta property=\"og:type\" content=\"article\" \/>\n<meta property=\"og:title\" content=\"Tour de R\u00f5uge MTB 2016 - Haanja100\" \/>\n<meta property=\"og:description\" content=\"P\u00fchap\u00e4eval R\u00f5uges l\u00f5ppenud tuuri viimane p\u00e4ev ei toonud vaatamata viitstardi poolt tekitatud m\u00f5ningale p\u00f5nevusele siiski muutusi tuuri \u00fcldj\u00e4rjestusse ning nii viis v\u00f5idu Rein Taaram\u00e4e Rattaklubisse Vahur Valvas koguajaga 6:52.55.\" \/>\n<meta property=\"og:url\" content=\"https:\/\/haanja100.ee\/en\/tour-de-rouge-mtb-2016\/\" \/>\n<meta property=\"og:site_name\" content=\"Haanja100\" \/>\n<meta property=\"article:publisher\" content=\"https:\/\/www.facebook.com\/haanja100\/\" \/>\n<meta property=\"og:image\" content=\"https:\/\/haanja100.ee\/wp-content\/uploads\/2016\/06\/h100_logo-1.png\" \/>\n\t<meta property=\"og:image:width\" content=\"200\" \/>\n\t<meta property=\"og:image:height\" content=\"160\" \/>\n\t<meta property=\"og:image:type\" content=\"image\/png\" \/>\n<meta name=\"twitter:card\" content=\"summary_large_image\" \/>\n<meta name=\"twitter:label1\" content=\"Est. reading time\" \/>\n\t<meta name=\"twitter:data1\" content=\"1 minute\" \/>\n<script type=\"application\/ld+json\" class=\"yoast-schema-graph\">{\"@context\":\"https:\\\/\\\/schema.org\",\"@graph\":[{\"@type\":\"WebPage\",\"@id\":\"https:\\\/\\\/haanja100.ee\\\/en\\\/tour-de-rouge-mtb-2016\\\/\",\"url\":\"https:\\\/\\\/haanja100.ee\\\/en\\\/tour-de-rouge-mtb-2016\\\/\",\"name\":\"Tour de R\u00f5uge MTB 2016 - Haanja100\",\"isPartOf\":{\"@id\":\"https:\\\/\\\/haanja100.ee\\\/en\\\/#website\"},\"datePublished\":\"2016-07-18T20:52:10+00:00\",\"breadcrumb\":{\"@id\":\"https:\\\/\\\/haanja100.ee\\\/en\\\/tour-de-rouge-mtb-2016\\\/#breadcrumb\"},\"inLanguage\":\"en-US\",\"potentialAction\":[{\"@type\":\"ReadAction\",\"target\":[\"https:\\\/\\\/haanja100.ee\\\/en\\\/tour-de-rouge-mtb-2016\\\/\"]}]},{\"@type\":\"BreadcrumbList\",\"@id\":\"https:\\\/\\\/haanja100.ee\\\/en\\\/tour-de-rouge-mtb-2016\\\/#breadcrumb\",\"itemListElement\":[{\"@type\":\"ListItem\",\"position\":1,\"name\":\"Home\",\"item\":\"https:\\\/\\\/haanja100.ee\\\/en\\\/\"},{\"@type\":\"ListItem\",\"position\":2,\"name\":\"Tour de R\u00f5uge MTB 2016\"}]},{\"@type\":\"WebSite\",\"@id\":\"https:\\\/\\\/haanja100.ee\\\/en\\\/#website\",\"url\":\"https:\\\/\\\/haanja100.ee\\\/en\\\/\",\"name\":\"Haanja100\",\"description\":\"Haanja100 ainult hulludele\",\"publisher\":{\"@id\":\"https:\\\/\\\/haanja100.ee\\\/en\\\/#organization\"},\"potentialAction\":[{\"@type\":\"SearchAction\",\"target\":{\"@type\":\"EntryPoint\",\"urlTemplate\":\"https:\\\/\\\/haanja100.ee\\\/en\\\/?s={search_term_string}\"},\"query-input\":{\"@type\":\"PropertyValueSpecification\",\"valueRequired\":true,\"valueName\":\"search_term_string\"}}],\"inLanguage\":\"en-US\"},{\"@type\":\"Organization\",\"@id\":\"https:\\\/\\\/haanja100.ee\\\/en\\\/#organization\",\"name\":\"Haanja100\",\"url\":\"https:\\\/\\\/haanja100.ee\\\/en\\\/\",\"logo\":{\"@type\":\"ImageObject\",\"inLanguage\":\"en-US\",\"@id\":\"https:\\\/\\\/haanja100.ee\\\/en\\\/#\\\/schema\\\/logo\\\/image\\\/\",\"url\":\"https:\\\/\\\/haanja100.ee\\\/wp-content\\\/uploads\\\/2016\\\/06\\\/h100_logo-1.png\",\"contentUrl\":\"https:\\\/\\\/haanja100.ee\\\/wp-content\\\/uploads\\\/2016\\\/06\\\/h100_logo-1.png\",\"width\":200,\"height\":160,\"caption\":\"Haanja100\"},\"image\":{\"@id\":\"https:\\\/\\\/haanja100.ee\\\/en\\\/#\\\/schema\\\/logo\\\/image\\\/\"},\"sameAs\":[\"https:\\\/\\\/www.facebook.com\\\/haanja100\\\/\"]}]}<\/script>\n<!-- \/ Yoast SEO plugin. -->","yoast_head_json":{"title":"Tour de R\u00f5uge MTB 2016 - Haanja100","robots":{"index":"index","follow":"follow","max-snippet":"max-snippet:-1","max-image-preview":"max-image-preview:large","max-video-preview":"max-video-preview:-1"},"canonical":"https:\/\/haanja100.ee\/en\/tour-de-rouge-mtb-2016\/","og_locale":"en_US","og_type":"article","og_title":"Tour de R\u00f5uge MTB 2016 - Haanja100","og_description":"P\u00fchap\u00e4eval R\u00f5uges l\u00f5ppenud tuuri viimane p\u00e4ev ei toonud vaatamata viitstardi poolt tekitatud m\u00f5ningale p\u00f5nevusele siiski muutusi tuuri \u00fcldj\u00e4rjestusse ning nii viis v\u00f5idu Rein Taaram\u00e4e Rattaklubisse Vahur Valvas koguajaga 6:52.55.","og_url":"https:\/\/haanja100.ee\/en\/tour-de-rouge-mtb-2016\/","og_site_name":"Haanja100","article_publisher":"https:\/\/www.facebook.com\/haanja100\/","og_image":[{"width":200,"height":160,"url":"https:\/\/haanja100.ee\/wp-content\/uploads\/2016\/06\/h100_logo-1.png","type":"image\/png"}],"twitter_card":"summary_large_image","twitter_misc":{"Est. reading time":"1 minute"},"schema":{"@context":"https:\/\/schema.org","@graph":[{"@type":"WebPage","@id":"https:\/\/haanja100.ee\/en\/tour-de-rouge-mtb-2016\/","url":"https:\/\/haanja100.ee\/en\/tour-de-rouge-mtb-2016\/","name":"Tour de R\u00f5uge MTB 2016 - Haanja100","isPartOf":{"@id":"https:\/\/haanja100.ee\/en\/#website"},"datePublished":"2016-07-18T20:52:10+00:00","breadcrumb":{"@id":"https:\/\/haanja100.ee\/en\/tour-de-rouge-mtb-2016\/#breadcrumb"},"inLanguage":"en-US","potentialAction":[{"@type":"ReadAction","target":["https:\/\/haanja100.ee\/en\/tour-de-rouge-mtb-2016\/"]}]},{"@type":"BreadcrumbList","@id":"https:\/\/haanja100.ee\/en\/tour-de-rouge-mtb-2016\/#breadcrumb","itemListElement":[{"@type":"ListItem","position":1,"name":"Home","item":"https:\/\/haanja100.ee\/en\/"},{"@type":"ListItem","position":2,"name":"Tour de R\u00f5uge MTB 2016"}]},{"@type":"WebSite","@id":"https:\/\/haanja100.ee\/en\/#website","url":"https:\/\/haanja100.ee\/en\/","name":"Haanja100","description":"Haanja100 ainult hulludele","publisher":{"@id":"https:\/\/haanja100.ee\/en\/#organization"},"potentialAction":[{"@type":"SearchAction","target":{"@type":"EntryPoint","urlTemplate":"https:\/\/haanja100.ee\/en\/?s={search_term_string}"},"query-input":{"@type":"PropertyValueSpecification","valueRequired":true,"valueName":"search_term_string"}}],"inLanguage":"en-US"},{"@type":"Organization","@id":"https:\/\/haanja100.ee\/en\/#organization","name":"Haanja100","url":"https:\/\/haanja100.ee\/en\/","logo":{"@type":"ImageObject","inLanguage":"en-US","@id":"https:\/\/haanja100.ee\/en\/#\/schema\/logo\/image\/","url":"https:\/\/haanja100.ee\/wp-content\/uploads\/2016\/06\/h100_logo-1.png","contentUrl":"https:\/\/haanja100.ee\/wp-content\/uploads\/2016\/06\/h100_logo-1.png","width":200,"height":160,"caption":"Haanja100"},"image":{"@id":"https:\/\/haanja100.ee\/en\/#\/schema\/logo\/image\/"},"sameAs":["https:\/\/www.facebook.com\/haanja100\/"]}]}},"_links":{"self":[{"href":"https:\/\/haanja100.ee\/en\/wp-json\/wp\/v2\/pages\/337","targetHints":{"allow":["GET"]}}],"collection":[{"href":"https:\/\/haanja100.ee\/en\/wp-json\/wp\/v2\/pages"}],"about":[{"href":"https:\/\/haanja100.ee\/en\/wp-json\/wp\/v2\/types\/page"}],"author":[{"embeddable":true,"href":"https:\/\/haanja100.ee\/en\/wp-json\/wp\/v2\/users\/2"}],"replies":[{"embeddable":true,"href":"https:\/\/haanja100.ee\/en\/wp-json\/wp\/v2\/comments?post=337"}],"version-history":[{"count":1,"href":"https:\/\/haanja100.ee\/en\/wp-json\/wp\/v2\/pages\/337\/revisions"}],"predecessor-version":[{"id":340,"href":"https:\/\/haanja100.ee\/en\/wp-json\/wp\/v2\/pages\/337\/revisions\/340"}],"wp:attachment":[{"href":"https:\/\/haanja100.ee\/en\/wp-json\/wp\/v2\/media?parent=337"}],"curies":[{"name":"wp","href":"https:\/\/api.w.org\/{rel}","templated":true}]}}