{"id":166,"date":"2016-06-29T23:51:54","date_gmt":"2016-06-29T20:51:54","guid":{"rendered":"http:\/\/haanja100.ee\/en\/?page_id=166"},"modified":"2026-03-26T10:59:00","modified_gmt":"2026-03-26T08:59:00","slug":"tour-de-rouge","status":"publish","type":"page","link":"https:\/\/haanja100.ee\/en\/rules\/tour-de-rouge\/","title":{"rendered":"20th TOUR de R\u00d5UGE MTB 2026 rules and regulations"},"content":{"rendered":"<p><strong>Objective<\/strong><\/p>\n<p>The objective of Tour de R\u00f5uge (hereafter \u201ctour\u201d) is to popularize mountain bike sport as a joyful and useful form of spending one\u2019s free time.<br \/>\nTo offer the participants a possibility to test their or their companion\u2019s athletic abilities.<\/p>\n<p><strong>Organizer<\/strong><\/p>\n<p>The tour is organized by SK Haanja Rattamaratonid MT\u00dc (Vahtra 9-12, 65522, V\u00f5ru municipality, V\u00f5rumaa, business register code 80232687, VAT code EE 101079150) in cooperation with the Municipality of R\u00f5uge.<br \/>\nChief organizer is Ivar Tupp, phone +372 511 4179<\/p>\n<p><strong>Place and time of the event<\/strong><\/p>\n<p>The tour will be held from 26th to 28th of June 2026 in different places of V\u00f5ru region, in South-East of Estonia.<br \/>\nThe start of the first stage is situated at somewhere in V\u00f5rumaa.<br \/>\nStarting materials are available in starting place from 6pm until to the start at 8pm!<br \/>\nSecond stage start is given from <strong><a href=\"https:\/\/maps.app.goo.gl\/CJrdk23uBy7CkFQr8\">Tellaste village.<\/a><\/strong><br \/>\nThird stage start is given at the <strong><a href=\"https:\/\/goo.gl\/maps\/sjuaQzeBNS82\">R\u00f5uge \u00d6\u00f6bikuoru Center.<\/a><\/strong><br \/>\n<strong><br \/>\nParticipants and competition classes<\/strong><\/p>\n<p>There are five competition classes: solo men and woman (hereafter \u201csolo\u201d); men pairs, woman pairs and mixed pairs (hereafter \u201cteams\u201d).<br \/>\nEvery participant must be at least 18-years old at the moment of the start (latest birth date 26th of June 2008).<\/p>\n<p><strong>Stages, distances and start times<\/strong><\/p>\n<p>26th of June at 19.00 \u2013 1st stage, 15-20km, start from somewhere.<br \/>\n27th of June at 12.00 \u2013 2nd stage, 55-60km, start from Tellaste Village.<br \/>\n28th of June\u00a0 at 10.00 \u2013 3rd stage, 60+km, interval start and mass start at R\u00f5uge \u00d6\u00f6bikuoru Center.<br \/>\nAt 10.00 interval start in Gundersen method for participants (solos and teams) who are loosing not more than 1 (one) hour to the leader (solo or team). At 11.00 mass start for participants (solos and teams) who are loosing more than 1 (one) hour to the leader (solo or team); start groups are formed according to the overall standings; stage time will be calculated considering the difference between start and finish time.<\/p>\n<p><strong>Results and prize-giving<\/strong><\/p>\n<p>The winners and winning teams are according to the competition classes the fastest ones considering the combined time of the stages.<br \/>\nThe best for the 1st and 2nd stage is the fastest solo or team.<br \/>\nA member of the team is allowed to continue the race as solo when one member of the team is forced to pull out during the race. The time will be calculated on the basis of the team\u2019s previous stage time.<br \/>\nThe three fastest of the 1st and 2nd stage of every competition class will be awarded bonus seconds: I place 20 seconds, II place 10 seconds, III place 5 seconds.<\/p>\n<p>The overall three best of every competition class will be awarded with a cup and\/or item prizes.<\/p>\n<p><strong>Registration and entry fees<\/strong><\/p>\n<p>Registration starts on 2.01.2026 and can be done via home-page www.haanja100.ee or via e-mail i&#110;&#102;&#x6f;&#x40;&#x68;&#x61;a&#110;&#106;&#97;&#x6d;&#x61;&#x74;ka&#100;&#46;&#x65;&#x65;<br \/>\nThe participants are ensured with marked race course, start number, time keeping, diploma, feeding during and after the race and after-race bike-wash. The entry fees are as follows:<br \/>\n&#8211; until 31st of March 2026 &#8211; 148EUR per participant (includes TdR jubilee T-shirt)<br \/>\n&#8211; until 31st of May 2026 &#8211; 148EUR per participant<br \/>\nNB!<br \/>\n&#8211; the entry fee is not refundable, it could only be delivered to another participant until June 15th 2025.<br \/>\n&#8211; i<span class=\"tlid-translation translation\" lang=\"en\"><span class=\"\" title=\"\">f the event is canceled or delayed for reasons beyond the control of the organizer (Force Majeure), the entry fee will not be refunded<\/span><\/span><\/p>\n<p><strong>Participants equipment<\/strong><\/p>\n<p>Obligatory equipment:<br \/>\nWorking mountain bike<br \/>\nHelmet<br \/>\nElementary tools for bike repair<br \/>\nSpare tubes, levers, pump<br \/>\nZeroed speedometer at the start of every stage (helps to responsively locate participant in case of emergency)<\/p>\n<p>Suggested equipment:<br \/>\nCharged mobile phone with the number of the chief organizer (+372 511 4179)<br \/>\nAt least 2 liters of fluid on longer stages<br \/>\nEnergy gels or batons<\/p>\n<p><strong>Rules and special regulations<\/strong><\/p>\n<p>3-stage Tour de R\u00f5uge 2026 will take place according to the present instructions.<br \/>\nIssues that are not covered with present instructions will be solved by the jury of judges in cooperation with the organizer.<br \/>\nThe change of team members is not allowed during the race. A member of the team can continue the race as solo when one member is forced to pull out of the race.<br \/>\nAll participants must wear a helmet during the race or they will be disqualified.<br \/>\nThe public roads used in the tour are open for traffic. All participants must obey common traffic rules and instructions given by the organizers or security personnel.<br \/>\nTeam members must travel together during the race. The time difference of two team members shall not exceed 30 seconds. The penalty for breaking the mentioned time limit is 15 (fifteen) minutes.<br \/>\nTeam\u2019s stage time will be calculated when the last member is crossing the finish line.<br \/>\nEvery participant enters the race on its own risk.<br \/>\nTour\u2019s organizers are not responsible for any lost items.<br \/>\nTour\u2019s organizers are not responsible for any collisions or accidents happening on the race course.<br \/>\nUnfamiliarity with present instructions does not free the participant from the responsibility arising from the instructions.<br \/>\nThe tour will take place in any weather.<br \/>\nThe organizers have the right to shorter or stop the tour in case of Force Majeure or some nature disaster.<br \/>\nThe participants are strongly asked not to litter the race course and to act respectively towards the nature since the tour is held on the territory of the Haanja Nature Park.<br \/>\nBy signing the start protocol the participant is obliged to follow all of the points and issues mentioned in the present instructions.<\/p>\n<p>Additional info: Ivar Tupp (speaking English, Russian, Finnish), phone +372 511 4179, e-mail &#x69;&#110;f&#x6f;&#64;h&#x61;&#97;n&#x6a;&#97;m&#x61;&#116;k&#x61;&#100;&#46;&#x65;&#101;<\/p>\n","protected":false},"excerpt":{"rendered":"<p>Objective The objective of Tour de R\u00f5uge (hereafter \u201ctour\u201d) is to popularize mountain bike sport as a joyful and useful form of spending one\u2019s free time. To offer the participants a possibility to test their or their companion\u2019s athletic abilities. Organizer The tour is organized by SK Haanja Rattamaratonid MT\u00dc (Vahtra 9-12, 65522, V\u00f5ru municipality, [&hellip;]<\/p>\n","protected":false},"author":1,"featured_media":0,"parent":72,"menu_order":0,"comment_status":"closed","ping_status":"closed","template":"","meta":{"_acf_changed":false,"footnotes":""},"class_list":["post-166","page","type-page","status-publish","hentry"],"acf":[],"yoast_head":"<!-- This site is optimized with the Yoast SEO plugin v27.4 - https:\/\/yoast.com\/product\/yoast-seo-wordpress\/ -->\n<title>20th TOUR de R\u00d5UGE MTB 2026 rules and regulations - Haanja100<\/title>\n<meta name=\"robots\" content=\"index, follow, max-snippet:-1, max-image-preview:large, max-video-preview:-1\" \/>\n<link rel=\"canonical\" href=\"https:\/\/haanja100.ee\/en\/rules\/tour-de-rouge\/\" \/>\n<meta property=\"og:locale\" content=\"en_US\" \/>\n<meta property=\"og:type\" content=\"article\" \/>\n<meta property=\"og:title\" content=\"20th TOUR de R\u00d5UGE MTB 2026 rules and regulations - Haanja100\" \/>\n<meta property=\"og:description\" content=\"Objective The objective of Tour de R\u00f5uge (hereafter \u201ctour\u201d) is to popularize mountain bike sport as a joyful and useful form of spending one\u2019s free time. To offer the participants a possibility to test their or their companion\u2019s athletic abilities. Organizer The tour is organized by SK Haanja Rattamaratonid MT\u00dc (Vahtra 9-12, 65522, V\u00f5ru municipality, [&hellip;]\" \/>\n<meta property=\"og:url\" content=\"https:\/\/haanja100.ee\/en\/rules\/tour-de-rouge\/\" \/>\n<meta property=\"og:site_name\" content=\"Haanja100\" \/>\n<meta property=\"article:publisher\" content=\"https:\/\/www.facebook.com\/haanja100\/\" \/>\n<meta property=\"article:modified_time\" content=\"2026-03-26T08:59:00+00:00\" \/>\n<meta property=\"og:image\" content=\"https:\/\/haanja100.ee\/wp-content\/uploads\/2016\/06\/h100_logo-1.png\" \/>\n\t<meta property=\"og:image:width\" content=\"200\" \/>\n\t<meta property=\"og:image:height\" content=\"160\" \/>\n\t<meta property=\"og:image:type\" content=\"image\/png\" \/>\n<meta name=\"twitter:card\" content=\"summary_large_image\" \/>\n<meta name=\"twitter:label1\" content=\"Est. reading time\" \/>\n\t<meta name=\"twitter:data1\" content=\"6 minutes\" \/>\n<script type=\"application\/ld+json\" class=\"yoast-schema-graph\">{\"@context\":\"https:\\\/\\\/schema.org\",\"@graph\":[{\"@type\":\"WebPage\",\"@id\":\"https:\\\/\\\/haanja100.ee\\\/en\\\/rules\\\/tour-de-rouge\\\/\",\"url\":\"https:\\\/\\\/haanja100.ee\\\/en\\\/rules\\\/tour-de-rouge\\\/\",\"name\":\"20th TOUR de R\u00d5UGE MTB 2026 rules and regulations - Haanja100\",\"isPartOf\":{\"@id\":\"https:\\\/\\\/haanja100.ee\\\/en\\\/#website\"},\"datePublished\":\"2016-06-29T20:51:54+00:00\",\"dateModified\":\"2026-03-26T08:59:00+00:00\",\"breadcrumb\":{\"@id\":\"https:\\\/\\\/haanja100.ee\\\/en\\\/rules\\\/tour-de-rouge\\\/#breadcrumb\"},\"inLanguage\":\"en-US\",\"potentialAction\":[{\"@type\":\"ReadAction\",\"target\":[\"https:\\\/\\\/haanja100.ee\\\/en\\\/rules\\\/tour-de-rouge\\\/\"]}]},{\"@type\":\"BreadcrumbList\",\"@id\":\"https:\\\/\\\/haanja100.ee\\\/en\\\/rules\\\/tour-de-rouge\\\/#breadcrumb\",\"itemListElement\":[{\"@type\":\"ListItem\",\"position\":1,\"name\":\"Home\",\"item\":\"https:\\\/\\\/haanja100.ee\\\/en\\\/\"},{\"@type\":\"ListItem\",\"position\":2,\"name\":\"Rules\",\"item\":\"https:\\\/\\\/haanja100.ee\\\/en\\\/rules\\\/\"},{\"@type\":\"ListItem\",\"position\":3,\"name\":\"20th TOUR de R\u00d5UGE MTB 2026 rules and regulations\"}]},{\"@type\":\"WebSite\",\"@id\":\"https:\\\/\\\/haanja100.ee\\\/en\\\/#website\",\"url\":\"https:\\\/\\\/haanja100.ee\\\/en\\\/\",\"name\":\"Haanja100\",\"description\":\"Haanja100 ainult hulludele\",\"publisher\":{\"@id\":\"https:\\\/\\\/haanja100.ee\\\/en\\\/#organization\"},\"potentialAction\":[{\"@type\":\"SearchAction\",\"target\":{\"@type\":\"EntryPoint\",\"urlTemplate\":\"https:\\\/\\\/haanja100.ee\\\/en\\\/?s={search_term_string}\"},\"query-input\":{\"@type\":\"PropertyValueSpecification\",\"valueRequired\":true,\"valueName\":\"search_term_string\"}}],\"inLanguage\":\"en-US\"},{\"@type\":\"Organization\",\"@id\":\"https:\\\/\\\/haanja100.ee\\\/en\\\/#organization\",\"name\":\"Haanja100\",\"url\":\"https:\\\/\\\/haanja100.ee\\\/en\\\/\",\"logo\":{\"@type\":\"ImageObject\",\"inLanguage\":\"en-US\",\"@id\":\"https:\\\/\\\/haanja100.ee\\\/en\\\/#\\\/schema\\\/logo\\\/image\\\/\",\"url\":\"https:\\\/\\\/haanja100.ee\\\/wp-content\\\/uploads\\\/2016\\\/06\\\/h100_logo-1.png\",\"contentUrl\":\"https:\\\/\\\/haanja100.ee\\\/wp-content\\\/uploads\\\/2016\\\/06\\\/h100_logo-1.png\",\"width\":200,\"height\":160,\"caption\":\"Haanja100\"},\"image\":{\"@id\":\"https:\\\/\\\/haanja100.ee\\\/en\\\/#\\\/schema\\\/logo\\\/image\\\/\"},\"sameAs\":[\"https:\\\/\\\/www.facebook.com\\\/haanja100\\\/\"]}]}<\/script>\n<!-- \/ Yoast SEO plugin. -->","yoast_head_json":{"title":"20th TOUR de R\u00d5UGE MTB 2026 rules and regulations - Haanja100","robots":{"index":"index","follow":"follow","max-snippet":"max-snippet:-1","max-image-preview":"max-image-preview:large","max-video-preview":"max-video-preview:-1"},"canonical":"https:\/\/haanja100.ee\/en\/rules\/tour-de-rouge\/","og_locale":"en_US","og_type":"article","og_title":"20th TOUR de R\u00d5UGE MTB 2026 rules and regulations - Haanja100","og_description":"Objective The objective of Tour de R\u00f5uge (hereafter \u201ctour\u201d) is to popularize mountain bike sport as a joyful and useful form of spending one\u2019s free time. To offer the participants a possibility to test their or their companion\u2019s athletic abilities. Organizer The tour is organized by SK Haanja Rattamaratonid MT\u00dc (Vahtra 9-12, 65522, V\u00f5ru municipality, [&hellip;]","og_url":"https:\/\/haanja100.ee\/en\/rules\/tour-de-rouge\/","og_site_name":"Haanja100","article_publisher":"https:\/\/www.facebook.com\/haanja100\/","article_modified_time":"2026-03-26T08:59:00+00:00","og_image":[{"width":200,"height":160,"url":"https:\/\/haanja100.ee\/wp-content\/uploads\/2016\/06\/h100_logo-1.png","type":"image\/png"}],"twitter_card":"summary_large_image","twitter_misc":{"Est. reading time":"6 minutes"},"schema":{"@context":"https:\/\/schema.org","@graph":[{"@type":"WebPage","@id":"https:\/\/haanja100.ee\/en\/rules\/tour-de-rouge\/","url":"https:\/\/haanja100.ee\/en\/rules\/tour-de-rouge\/","name":"20th TOUR de R\u00d5UGE MTB 2026 rules and regulations - Haanja100","isPartOf":{"@id":"https:\/\/haanja100.ee\/en\/#website"},"datePublished":"2016-06-29T20:51:54+00:00","dateModified":"2026-03-26T08:59:00+00:00","breadcrumb":{"@id":"https:\/\/haanja100.ee\/en\/rules\/tour-de-rouge\/#breadcrumb"},"inLanguage":"en-US","potentialAction":[{"@type":"ReadAction","target":["https:\/\/haanja100.ee\/en\/rules\/tour-de-rouge\/"]}]},{"@type":"BreadcrumbList","@id":"https:\/\/haanja100.ee\/en\/rules\/tour-de-rouge\/#breadcrumb","itemListElement":[{"@type":"ListItem","position":1,"name":"Home","item":"https:\/\/haanja100.ee\/en\/"},{"@type":"ListItem","position":2,"name":"Rules","item":"https:\/\/haanja100.ee\/en\/rules\/"},{"@type":"ListItem","position":3,"name":"20th TOUR de R\u00d5UGE MTB 2026 rules and regulations"}]},{"@type":"WebSite","@id":"https:\/\/haanja100.ee\/en\/#website","url":"https:\/\/haanja100.ee\/en\/","name":"Haanja100","description":"Haanja100 ainult hulludele","publisher":{"@id":"https:\/\/haanja100.ee\/en\/#organization"},"potentialAction":[{"@type":"SearchAction","target":{"@type":"EntryPoint","urlTemplate":"https:\/\/haanja100.ee\/en\/?s={search_term_string}"},"query-input":{"@type":"PropertyValueSpecification","valueRequired":true,"valueName":"search_term_string"}}],"inLanguage":"en-US"},{"@type":"Organization","@id":"https:\/\/haanja100.ee\/en\/#organization","name":"Haanja100","url":"https:\/\/haanja100.ee\/en\/","logo":{"@type":"ImageObject","inLanguage":"en-US","@id":"https:\/\/haanja100.ee\/en\/#\/schema\/logo\/image\/","url":"https:\/\/haanja100.ee\/wp-content\/uploads\/2016\/06\/h100_logo-1.png","contentUrl":"https:\/\/haanja100.ee\/wp-content\/uploads\/2016\/06\/h100_logo-1.png","width":200,"height":160,"caption":"Haanja100"},"image":{"@id":"https:\/\/haanja100.ee\/en\/#\/schema\/logo\/image\/"},"sameAs":["https:\/\/www.facebook.com\/haanja100\/"]}]}},"_links":{"self":[{"href":"https:\/\/haanja100.ee\/en\/wp-json\/wp\/v2\/pages\/166","targetHints":{"allow":["GET"]}}],"collection":[{"href":"https:\/\/haanja100.ee\/en\/wp-json\/wp\/v2\/pages"}],"about":[{"href":"https:\/\/haanja100.ee\/en\/wp-json\/wp\/v2\/types\/page"}],"author":[{"embeddable":true,"href":"https:\/\/haanja100.ee\/en\/wp-json\/wp\/v2\/users\/1"}],"replies":[{"embeddable":true,"href":"https:\/\/haanja100.ee\/en\/wp-json\/wp\/v2\/comments?post=166"}],"version-history":[{"count":57,"href":"https:\/\/haanja100.ee\/en\/wp-json\/wp\/v2\/pages\/166\/revisions"}],"predecessor-version":[{"id":8620,"href":"https:\/\/haanja100.ee\/en\/wp-json\/wp\/v2\/pages\/166\/revisions\/8620"}],"up":[{"embeddable":true,"href":"https:\/\/haanja100.ee\/en\/wp-json\/wp\/v2\/pages\/72"}],"wp:attachment":[{"href":"https:\/\/haanja100.ee\/en\/wp-json\/wp\/v2\/media?parent=166"}],"curies":[{"name":"wp","href":"https:\/\/api.w.org\/{rel}","templated":true}]}}